{"id":2616,"date":"2020-10-13T18:22:05","date_gmt":"2020-10-13T18:22:05","guid":{"rendered":"https:\/\/archit.rs\/about\/"},"modified":"2021-04-19T07:47:24","modified_gmt":"2021-04-19T07:47:24","slug":"o-nama","status":"publish","type":"page","link":"https:\/\/archit.rs\/sr\/o-nama\/","title":{"rendered":"O nama"},"content":{"rendered":"\t\t<div data-elementor-type=\"wp-post\" data-elementor-id=\"2616\" class=\"elementor elementor-2616\" data-elementor-settings=\"[]\">\n\t\t\t\t\t\t<div class=\"elementor-inner\">\n\t\t\t\t\t\t\t<div class=\"elementor-section-wrap\">\n\t\t\t\t\t\t\t<section class=\"elementor-section elementor-top-section elementor-element elementor-element-aa51f3a elementor-section-full_width elementor-section-height-default elementor-section-height-default\" data-id=\"aa51f3a\" data-element_type=\"section\" data-settings=\"{&quot;background_background&quot;:&quot;classic&quot;}\">\n\t\t\t\t\t\t<div class=\"elementor-container elementor-column-gap-no\">\n\t\t\t\t\t\t\t<div class=\"elementor-row\">\n\t\t\t\t\t<div class=\"elementor-column elementor-col-100 elementor-top-column elementor-element elementor-element-d6df0c3\" data-id=\"d6df0c3\" data-element_type=\"column\">\n\t\t\t<div class=\"elementor-column-wrap elementor-element-populated\">\n\t\t\t\t\t\t\t<div class=\"elementor-widget-wrap\">\n\t\t\t\t\t\t<div class=\"elementor-element elementor-element-f7ef73c animated-slow elementor-invisible elementor-widget elementor-widget-text-editor\" data-id=\"f7ef73c\" data-element_type=\"widget\" data-settings=\"{&quot;_animation&quot;:&quot;fadeIn&quot;}\" data-widget_type=\"text-editor.default\">\n\t\t\t\t<div class=\"elementor-widget-container\">\n\t\t\t\t\t<div class=\"elementor-text-editor elementor-clearfix\"><p>O NAMA<\/p>\n<\/div>\n\t\t\t\t<\/div>\n\t\t\t\t<\/div>\n\t\t\t\t\t\t<\/div>\n\t\t\t\t\t<\/div>\n\t\t<\/div>\n\t\t\t\t\t\t\t\t<\/div>\n\t\t\t\t\t<\/div>\n\t\t<\/section>\n\t\t\t\t<section class=\"elementor-section elementor-top-section elementor-element elementor-element-2c82cc7 animated-slow elementor-section-boxed elementor-section-height-default elementor-section-height-default elementor-invisible\" data-id=\"2c82cc7\" data-element_type=\"section\" data-settings=\"{&quot;background_background&quot;:&quot;classic&quot;,&quot;animation&quot;:&quot;fadeIn&quot;}\">\n\t\t\t\t\t\t<div class=\"elementor-container elementor-column-gap-default\">\n\t\t\t\t\t\t\t<div class=\"elementor-row\">\n\t\t\t\t\t<div class=\"elementor-column elementor-col-100 elementor-top-column elementor-element elementor-element-a4b53a3\" data-id=\"a4b53a3\" data-element_type=\"column\">\n\t\t\t<div class=\"elementor-column-wrap elementor-element-populated\">\n\t\t\t\t\t\t\t<div class=\"elementor-widget-wrap\">\n\t\t\t\t\t\t<section class=\"elementor-section elementor-inner-section elementor-element elementor-element-cbc63f6 section_mb-small elementor-section-boxed elementor-section-height-default elementor-section-height-default\" data-id=\"cbc63f6\" data-element_type=\"section\" data-settings=\"{&quot;animation_mobile&quot;:&quot;fadeIn&quot;}\">\n\t\t\t\t\t\t<div class=\"elementor-container elementor-column-gap-no\">\n\t\t\t\t\t\t\t<div class=\"elementor-row\">\n\t\t\t\t\t<div class=\"elementor-column elementor-col-100 elementor-inner-column elementor-element elementor-element-1e21785\" data-id=\"1e21785\" data-element_type=\"column\">\n\t\t\t<div class=\"elementor-column-wrap elementor-element-populated\">\n\t\t\t\t\t\t\t<div class=\"elementor-widget-wrap\">\n\t\t\t\t\t\t<div class=\"elementor-element elementor-element-94e8128 elementor-widget elementor-widget-rubenz-widget-header-section\" data-id=\"94e8128\" data-element_type=\"widget\" data-widget_type=\"rubenz-widget-header-section.default\">\n\t\t\t\t<div class=\"elementor-widget-container\">\n\t\t\t\n\t\t<div class=\"section-content container section-content__container\" data-os-animation=\"\">\n\t\t\t<div class=\"row section-content__row justify-content-between\">\n\t\t\t\t\t\t\t\t\t<div class=\"section__header section-content__inner_header col-lg-5\">\n\t\t\t\t\t\t<h2 class=\"split-chars\">Archit Misija<\/h2>\n\t\t\t\t\t\t\t\t\t\t\t\t\t<div class=\"section__headline\"><\/div>\n\t\t\t\t\t\t\t\t\t\t\t<\/div>\n\t\t\t\t\t\t\t\t\t\t\t<\/div>\n\t\t<\/div>\n\n\t\t\t\t<\/div>\n\t\t\t\t<\/div>\n\t\t\t\t\t\t<\/div>\n\t\t\t\t\t<\/div>\n\t\t<\/div>\n\t\t\t\t\t\t\t\t<\/div>\n\t\t\t\t\t<\/div>\n\t\t<\/section>\n\t\t\t\t\t\t<\/div>\n\t\t\t\t\t<\/div>\n\t\t<\/div>\n\t\t\t\t\t\t\t\t<\/div>\n\t\t\t\t\t<\/div>\n\t\t<\/section>\n\t\t\t\t<section class=\"elementor-section elementor-top-section elementor-element elementor-element-1b58753 elementor-section-full_width section_pt section_pb elementor-section-height-default elementor-section-height-default\" data-id=\"1b58753\" data-element_type=\"section\" data-settings=\"{&quot;animation_mobile&quot;:&quot;fadeInRight&quot;,&quot;background_background&quot;:&quot;classic&quot;}\">\n\t\t\t\t\t\t<div class=\"elementor-container elementor-column-gap-no\">\n\t\t\t\t\t\t\t<div class=\"elementor-row\">\n\t\t\t\t\t<div class=\"elementor-column elementor-col-100 elementor-top-column elementor-element elementor-element-bcd3fc2\" data-id=\"bcd3fc2\" data-element_type=\"column\">\n\t\t\t<div class=\"elementor-column-wrap elementor-element-populated\">\n\t\t\t\t\t\t\t<div class=\"elementor-widget-wrap\">\n\t\t\t\t\t\t<section class=\"elementor-section elementor-inner-section elementor-element elementor-element-07c8631 animated-slow elementor-section-boxed elementor-section-height-default elementor-section-height-default elementor-invisible\" data-id=\"07c8631\" data-element_type=\"section\" data-settings=\"{&quot;background_background&quot;:&quot;classic&quot;,&quot;animation&quot;:&quot;fadeIn&quot;,&quot;animation_delay&quot;:200}\">\n\t\t\t\t\t\t<div class=\"elementor-container elementor-column-gap-wide\">\n\t\t\t\t\t\t\t<div class=\"elementor-row\">\n\t\t\t\t\t<div class=\"elementor-column elementor-col-100 elementor-inner-column elementor-element elementor-element-b258aa3\" data-id=\"b258aa3\" data-element_type=\"column\">\n\t\t\t<div class=\"elementor-column-wrap elementor-element-populated\">\n\t\t\t\t\t\t\t<div class=\"elementor-widget-wrap\">\n\t\t\t\t\t\t<div class=\"elementor-element elementor-element-5aec42b elementor-widget elementor-widget-text-editor\" data-id=\"5aec42b\" data-element_type=\"widget\" data-widget_type=\"text-editor.default\">\n\t\t\t\t<div class=\"elementor-widget-container\">\n\t\t\t\t\t<div class=\"elementor-text-editor elementor-clearfix\"><p>Archit studio je beogradski arhitektonski studio koji je osnovala Jelena Stepanovi\u0106 kako bi svoju viziju arhitekture I dizajna ispri\u010cala kroz svoje projekte.<\/p><p style=\"font-weight: 400;\">Primarni cilj na\u0161eg studija je stvaranje individualnih, estetski impresivnih re\u0161enja za na\u0161e klijente. Svaki novi projekat za nas je nova pri\u010ca o arhitekturi. Koncept na\u0161eg stvaranja zasniva se na promi\u0161ljanju o ose\u0106aju koji oblikovanjem prostora iniciramo kod korisnika. Na\u0161 studio je usmeren na razli\u010cite projekte iz oblasti arhitekture, dizajna enterijera i grafi\u010ckog dizajna.<\/p><p style=\"font-weight: 400;\">\u00a0<\/p><\/div>\n\t\t\t\t<\/div>\n\t\t\t\t<\/div>\n\t\t\t\t\t\t<\/div>\n\t\t\t\t\t<\/div>\n\t\t<\/div>\n\t\t\t\t\t\t\t\t<\/div>\n\t\t\t\t\t<\/div>\n\t\t<\/section>\n\t\t\t\t\t\t<\/div>\n\t\t\t\t\t<\/div>\n\t\t<\/div>\n\t\t\t\t\t\t\t\t<\/div>\n\t\t\t\t\t<\/div>\n\t\t<\/section>\n\t\t\t\t<section class=\"elementor-section elementor-top-section elementor-element elementor-element-3ce69ca elementor-section-boxed elementor-section-height-default elementor-section-height-default elementor-invisible\" data-id=\"3ce69ca\" data-element_type=\"section\" data-settings=\"{&quot;background_background&quot;:&quot;classic&quot;,&quot;animation&quot;:&quot;fadeInLeft&quot;}\">\n\t\t\t\t\t\t<div class=\"elementor-container elementor-column-gap-default\">\n\t\t\t\t\t\t\t<div class=\"elementor-row\">\n\t\t\t\t\t<div class=\"elementor-column elementor-col-100 elementor-top-column elementor-element elementor-element-ee5f031\" data-id=\"ee5f031\" data-element_type=\"column\">\n\t\t\t<div class=\"elementor-column-wrap elementor-element-populated\">\n\t\t\t\t\t\t\t<div class=\"elementor-widget-wrap\">\n\t\t\t\t\t\t<div class=\"elementor-element elementor-element-10d4898 elementor-widget elementor-widget-text-editor\" data-id=\"10d4898\" data-element_type=\"widget\" data-widget_type=\"text-editor.default\">\n\t\t\t\t<div class=\"elementor-widget-container\">\n\t\t\t\t\t<div class=\"elementor-text-editor elementor-clearfix\"><p><strong>&#8222;Jednostavnost je krajnja sofisticiranost.&#8220; &#8211; Leonardo da Vin\u010ci.<\/strong><\/p><\/div>\n\t\t\t\t<\/div>\n\t\t\t\t<\/div>\n\t\t\t\t\t\t<\/div>\n\t\t\t\t\t<\/div>\n\t\t<\/div>\n\t\t\t\t\t\t\t\t<\/div>\n\t\t\t\t\t<\/div>\n\t\t<\/section>\n\t\t\t\t<section class=\"elementor-section elementor-top-section elementor-element elementor-element-6588b98 elementor-section-full_width section_pt section_pb bg-light-grey animated-slow elementor-section-height-default elementor-section-height-default elementor-invisible\" data-id=\"6588b98\" data-element_type=\"section\" data-settings=\"{&quot;background_background&quot;:&quot;classic&quot;,&quot;animation&quot;:&quot;fadeIn&quot;}\">\n\t\t\t\t\t\t<div class=\"elementor-container elementor-column-gap-no\">\n\t\t\t\t\t\t\t<div class=\"elementor-row\">\n\t\t\t\t\t<div class=\"elementor-column elementor-col-100 elementor-top-column elementor-element elementor-element-558dc0d\" data-id=\"558dc0d\" data-element_type=\"column\">\n\t\t\t<div class=\"elementor-column-wrap elementor-element-populated\">\n\t\t\t\t\t\t\t<div class=\"elementor-widget-wrap\">\n\t\t\t\t\t\t<section class=\"elementor-section elementor-inner-section elementor-element elementor-element-95daf7d section_mb-small elementor-section-full_width elementor-hidden-desktop elementor-hidden-tablet elementor-hidden-phone elementor-section-height-default elementor-section-height-default\" data-id=\"95daf7d\" data-element_type=\"section\">\n\t\t\t\t\t\t<div class=\"elementor-container elementor-column-gap-default\">\n\t\t\t\t\t\t\t<div class=\"elementor-row\">\n\t\t\t\t\t<div class=\"elementor-column elementor-col-100 elementor-inner-column elementor-element elementor-element-0c377d0\" data-id=\"0c377d0\" data-element_type=\"column\">\n\t\t\t<div class=\"elementor-column-wrap elementor-element-populated\">\n\t\t\t\t\t\t\t<div class=\"elementor-widget-wrap\">\n\t\t\t\t\t\t<div class=\"elementor-element elementor-element-cd6cdca elementor-widget elementor-widget-rubenz-widget-header-section\" data-id=\"cd6cdca\" data-element_type=\"widget\" data-widget_type=\"rubenz-widget-header-section.default\">\n\t\t\t\t<div class=\"elementor-widget-container\">\n\t\t\t\n\t\t<div class=\"section-content container section-content__container\" data-os-animation=\"\">\n\t\t\t<div class=\"row section-content__row justify-content-between\">\n\t\t\t\t\t\t\t\t\t<div class=\"section__header section-content__inner_header col-lg-5\">\n\t\t\t\t\t\t<h2 class=\"split-chars\">Jelena Stepanovi\u0106<\/h2>\n\t\t\t\t\t\t\t\t\t\t\t\t\t<div class=\"section__headline\"><\/div>\n\t\t\t\t\t\t\t\t\t\t\t<\/div>\n\t\t\t\t\t\t\t\t\t\t\t\t\t<div class=\"section-content__inner section-content__inner_text col-lg-6\">\n\t\t\t\t\t\t<h3 class=\"split-text\"><b>Direktor i  Osniva\u010c<\/b> \n\n\n<\/h3>\n\t\t\t\t\t<\/div>\n\t\t\t\t\t\t\t<\/div>\n\t\t<\/div>\n\n\t\t\t\t<\/div>\n\t\t\t\t<\/div>\n\t\t\t\t\t\t<\/div>\n\t\t\t\t\t<\/div>\n\t\t<\/div>\n\t\t\t\t\t\t\t\t<\/div>\n\t\t\t\t\t<\/div>\n\t\t<\/section>\n\t\t\t\t<section class=\"elementor-section elementor-inner-section elementor-element elementor-element-3ed4bb1 animated-slow elementor-section-boxed elementor-section-height-default elementor-section-height-default elementor-invisible\" data-id=\"3ed4bb1\" data-element_type=\"section\" data-settings=\"{&quot;background_background&quot;:&quot;classic&quot;,&quot;animation&quot;:&quot;fadeIn&quot;,&quot;animation_delay&quot;:500}\">\n\t\t\t\t\t\t<div class=\"elementor-container elementor-column-gap-wide\">\n\t\t\t\t\t\t\t<div class=\"elementor-row\">\n\t\t\t\t\t<div class=\"elementor-column elementor-col-16 elementor-inner-column elementor-element elementor-element-877bc78\" data-id=\"877bc78\" data-element_type=\"column\">\n\t\t\t<div class=\"elementor-column-wrap\">\n\t\t\t\t\t\t\t<div class=\"elementor-widget-wrap\">\n\t\t\t\t\t\t\t\t<\/div>\n\t\t\t\t\t<\/div>\n\t\t<\/div>\n\t\t\t\t<div class=\"elementor-column elementor-col-66 elementor-inner-column elementor-element elementor-element-b3e2ce0\" data-id=\"b3e2ce0\" data-element_type=\"column\">\n\t\t\t<div class=\"elementor-column-wrap elementor-element-populated\">\n\t\t\t\t\t\t\t<div class=\"elementor-widget-wrap\">\n\t\t\t\t\t\t<div class=\"elementor-element elementor-element-bf22a57 animated-slow elementor-invisible elementor-widget elementor-widget-rubenz-widget-team-member\" data-id=\"bf22a57\" data-element_type=\"widget\" data-settings=\"{&quot;_animation&quot;:&quot;fadeIn&quot;,&quot;_animation_delay&quot;:300}\" data-widget_type=\"rubenz-widget-team-member.default\">\n\t\t\t\t<div class=\"elementor-widget-container\">\n\t\t\t\n\t\t<div class=\"figure-member figure-member_has-social\">\n\t\t\t\t\t\t\t<div class=\"figure-member__wrapper-img\">\n\t\t\t\t\t\t\t\t\t\t\t\t\t\t\t\t\t\t\t<div class=\" lazy\"  style=\"padding-bottom: calc( (1920 \/ 1920) * 100% ); height: 0;\">\n\t\t\t\t\t\t\t\t\t\t\t\t\t\t\t\t\t\t<img loading=\"lazy\" class=\"\" src=\"#\" data-src=\"https:\/\/archit.rs\/wp-content\/uploads\/2020\/10\/jelena1.jpg\" width=\"1920\" height=\"1920\" data-srcset=\"https:\/\/archit.rs\/wp-content\/uploads\/2020\/10\/jelena1.jpg 1920w, https:\/\/archit.rs\/wp-content\/uploads\/2020\/10\/jelena1-300x300.jpg 300w, https:\/\/archit.rs\/wp-content\/uploads\/2020\/10\/jelena1-1024x1024.jpg 1024w, https:\/\/archit.rs\/wp-content\/uploads\/2020\/10\/jelena1-150x150.jpg 150w, https:\/\/archit.rs\/wp-content\/uploads\/2020\/10\/jelena1-768x768.jpg 768w, https:\/\/archit.rs\/wp-content\/uploads\/2020\/10\/jelena1-1536x1536.jpg 1536w\" data-sizes=\"(max-width: 1920px) 100vw, 1920px\" alt=\"\"\/>\n\t\t\t\t\t\t\t\t\t\t\t\t\t\t<\/div>\n\t\t\t\t\t\t\t\t\t\t\t\t\t\t\t\t\t\t<div class=\"figure-member__social\">\n\t\t\t\t\t\t\t<ul class=\"social\">\n\t\t\t\t\t\t\t\t\t\t\t\t\t\t\t\t\t<li class=\"social__item\">\n\t\t\t\t\t\t\t\t\t\t\t\t\t\t\t\t\t\t\t\t<a class=\"fa fa-facebook\" href=\"#\"  target=\"_blank\"  rel=\"nofollow\">\n\t\t\t\t\t\t\t\t\t\t<\/a>\n\t\t\t\t\t\t\t\t\t<\/li>\n\t\t\t\t\t\t\t\t\t\t\t\t\t\t\t\t\t<li class=\"social__item\">\n\t\t\t\t\t\t\t\t\t\t\t\t\t\t\t\t\t\t\t\t<a class=\"fa fa-twitter\" href=\"#\"  target=\"_blank\"  rel=\"nofollow\">\n\t\t\t\t\t\t\t\t\t\t<\/a>\n\t\t\t\t\t\t\t\t\t<\/li>\n\t\t\t\t\t\t\t\t\t\t\t\t\t\t\t\t\t<li class=\"social__item\">\n\t\t\t\t\t\t\t\t\t\t\t\t\t\t\t\t\t\t\t\t<a class=\"fa fa-instagram\" href=\"#\"  target=\"_blank\"  rel=\"nofollow\">\n\t\t\t\t\t\t\t\t\t\t<\/a>\n\t\t\t\t\t\t\t\t\t<\/li>\n\t\t\t\t\t\t\t\t\t\t\t\t\t\t\t<\/ul>\n\t\t\t\t\t\t<\/div>\n\t\t\t\t\t<div class=\"figure-member__overlay\"><\/div>\n\t\t\t\t\t\t\t\t\t<\/div>\n\t\t\t\t\t\t\t\t\t\t<div class=\"figure-member__content\">\n\t\t\t\t\t\t\t\t\t\t\t<div class=\"figure-member__position\">\n\t\t\t\t\t\t\t<span >Direktor i Osniva\u010c<\/span>\n\t\t\t\t\t\t<\/div>\n\t\t\t\t\t\t\t\t\t\t\t\t\t\t\t\t<h4 >Jelena Stepanovi\u0106<\/h4>\n\t\t\t\t\t\t\t\t\t<\/div>\n\t\t\t\t\t<\/div>\n\n\t\t\t\t<\/div>\n\t\t\t\t<\/div>\n\t\t\t\t\t\t<\/div>\n\t\t\t\t\t<\/div>\n\t\t<\/div>\n\t\t\t\t<div class=\"elementor-column elementor-col-16 elementor-inner-column elementor-element elementor-element-b5ae5ee\" data-id=\"b5ae5ee\" data-element_type=\"column\">\n\t\t\t<div class=\"elementor-column-wrap\">\n\t\t\t\t\t\t\t<div class=\"elementor-widget-wrap\">\n\t\t\t\t\t\t\t\t<\/div>\n\t\t\t\t\t<\/div>\n\t\t<\/div>\n\t\t\t\t\t\t\t\t<\/div>\n\t\t\t\t\t<\/div>\n\t\t<\/section>\n\t\t\t\t\t\t<\/div>\n\t\t\t\t\t<\/div>\n\t\t<\/div>\n\t\t\t\t\t\t\t\t<\/div>\n\t\t\t\t\t<\/div>\n\t\t<\/section>\n\t\t\t\t<section class=\"elementor-section elementor-top-section elementor-element elementor-element-b348071 animated-slow elementor-section-boxed elementor-section-height-default elementor-section-height-default elementor-invisible\" data-id=\"b348071\" data-element_type=\"section\" data-settings=\"{&quot;background_background&quot;:&quot;classic&quot;,&quot;animation&quot;:&quot;fadeInLeft&quot;}\">\n\t\t\t\t\t\t<div class=\"elementor-container elementor-column-gap-default\">\n\t\t\t\t\t\t\t<div class=\"elementor-row\">\n\t\t\t\t\t<div class=\"elementor-column elementor-col-100 elementor-top-column elementor-element elementor-element-a6cebc8\" data-id=\"a6cebc8\" data-element_type=\"column\">\n\t\t\t<div class=\"elementor-column-wrap elementor-element-populated\">\n\t\t\t\t\t\t\t<div class=\"elementor-widget-wrap\">\n\t\t\t\t\t\t<div class=\"elementor-element elementor-element-83ce852 elementor-widget elementor-widget-text-editor\" data-id=\"83ce852\" data-element_type=\"widget\" data-widget_type=\"text-editor.default\">\n\t\t\t\t<div class=\"elementor-widget-container\">\n\t\t\t\t\t<div class=\"elementor-text-editor elementor-clearfix\"><p><strong>Master in\u017eenjer<\/strong> arhitekture, Arhitektonski fakultet Univerziteta u Beogradu. Master rad je radjen u okviru medjunarodne saradnje, kao \u010clan studentske radionice Comune di Pantelleria, Italija i Arhitektonskog fakulteta RWTH Achen.<\/p><p><strong>Trenutno doktorand<\/strong>, doktorske akademske studije Arhitektonskog fakulteta Univerziteta u Beogradu, departman Istorija i teorija arhitekture.<\/p><p><strong>Od 2018.<\/strong> \u010clan INTBAU Italija, Politecnico di Milano, departman za dizajn.<\/p><p><strong>U\u010cesnik brojnih<\/strong> internacionalnih\u00a0seminara, edukacija i radionica u oblasti arhitekture i dizajna.<\/p><p><b>Licenca &#8211; <\/b>odgovorni izvodjac radova, od oktobra 2013, In\u017eenjerska komora Srbije.<\/p><p style=\"margin-right: 8.0pt; background: transparent;\"><span style=\"font-weight: normal;\"><strong>Licenca &#8211; <\/strong><\/span>odgovorni projektant, od janura 2012, In\u017eenjerska komora Srbije.<\/p><\/div>\n\t\t\t\t<\/div>\n\t\t\t\t<\/div>\n\t\t\t\t\t\t<\/div>\n\t\t\t\t\t<\/div>\n\t\t<\/div>\n\t\t\t\t\t\t\t\t<\/div>\n\t\t\t\t\t<\/div>\n\t\t<\/section>\n\t\t\t\t\t\t<\/div>\n\t\t\t\t\t\t<\/div>\n\t\t\t\t\t<\/div>\n\t\t","protected":false},"excerpt":{"rendered":"<p>O NAMA Archit Misija Archit studio je beogradski arhitektonski studio koji je osnovala Jelena Stepanovi\u0106 kako bi svoju viziju arhitekture I dizajna ispri\u010cala kroz svoje projekte. Primarni cilj na\u0161eg studija je stvaranje individualnih, estetski impresivnih re\u0161enja za na\u0161e klijente. Svaki novi projekat za nas je nova pri\u010ca o arhitekturi. Koncept na\u0161eg stvaranja zasniva se na [&hellip;]<\/p>\n","protected":false},"author":2,"featured_media":0,"parent":0,"menu_order":0,"comment_status":"closed","ping_status":"closed","template":"elementor_header_footer","meta":[],"_links":{"self":[{"href":"https:\/\/archit.rs\/sr\/wp-json\/wp\/v2\/pages\/2616\/"}],"collection":[{"href":"https:\/\/archit.rs\/sr\/wp-json\/wp\/v2\/pages\/"}],"about":[{"href":"https:\/\/archit.rs\/sr\/wp-json\/wp\/v2\/types\/page\/"}],"author":[{"embeddable":true,"href":"https:\/\/archit.rs\/sr\/wp-json\/wp\/v2\/users\/2\/"}],"replies":[{"embeddable":true,"href":"https:\/\/archit.rs\/sr\/wp-json\/wp\/v2\/comments\/?post=2616"}],"version-history":[{"count":15,"href":"https:\/\/archit.rs\/sr\/wp-json\/wp\/v2\/pages\/2616\/revisions\/"}],"predecessor-version":[{"id":3151,"href":"https:\/\/archit.rs\/sr\/wp-json\/wp\/v2\/pages\/2616\/revisions\/3151\/"}],"wp:attachment":[{"href":"https:\/\/archit.rs\/sr\/wp-json\/wp\/v2\/media\/?parent=2616"}],"curies":[{"name":"wp","href":"https:\/\/api.w.org\/{rel}","templated":true}]}}